{"id":1948,"date":"2021-08-16T04:01:37","date_gmt":"2021-08-16T04:01:37","guid":{"rendered":"https:\/\/hotelrotamalhoa.com\/?page_id=1948"},"modified":"2023-07-20T09:07:49","modified_gmt":"2023-07-20T09:07:49","slug":"termos-condicoes","status":"publish","type":"page","link":"https:\/\/hotelrotamalhoa.com\/en\/termos-condicoes\/","title":{"rendered":"Termos &#038; Condi\u00e7\u00f5es"},"content":{"rendered":"<div data-elementor-type=\"wp-page\" data-elementor-id=\"1948\" class=\"elementor elementor-1948\">\n\t\t\t\t\t\t\t\t\t<section class=\"elementor-section elementor-top-section elementor-element elementor-element-3915f80 elementor-section-height-min-height elementor-section-stretched elementor-section-boxed elementor-section-height-default elementor-section-items-middle\" data-id=\"3915f80\" data-element_type=\"section\" data-settings=\"{&quot;stretch_section&quot;:&quot;section-stretched&quot;,&quot;background_background&quot;:&quot;classic&quot;,&quot;shape_divider_bottom&quot;:&quot;wave-brush&quot;,&quot;hoteller_ext_is_background_parallax&quot;:&quot;false&quot;,&quot;hoteller_ext_is_background_on_scroll&quot;:&quot;false&quot;}\">\n\t\t\t\t\t<div class=\"elementor-shape elementor-shape-bottom\" data-negative=\"false\">\n\t\t\t<svg xmlns=\"http:\/\/www.w3.org\/2000\/svg\" viewbox=\"0 0 283.5 27.8\" preserveaspectratio=\"none\">\n\t<path class=\"elementor-shape-fill\" d=\"M283.5,9.7c0,0-7.3,4.3-14,4.6c-6.8,0.3-12.6,0-20.9-1.5c-11.3-2-33.1-10.1-44.7-5.7\ts-12.1,4.6-18,7.4c-6.6,3.2-20,9.6-36.6,9.3C131.6,23.5,99.5,7.2,86.3,8c-1.4,0.1-6.6,0.8-10.5,2c-3.8,1.2-9.4,3.8-17,4.7\tc-3.2,0.4-8.3,1.1-14.2,0.9c-1.5-0.1-6.3-0.4-12-1.6c-5.7-1.2-11-3.1-15.8-3.7C6.5,9.2,0,10.8,0,10.8V0h283.5V9.7z M260.8,11.3\tc-0.7-1-2-0.4-4.3-0.4c-2.3,0-6.1-1.2-5.8-1.1c0.3,0.1,3.1,1.5,6,1.9C259.7,12.2,261.4,12.3,260.8,11.3z M242.4,8.6\tc0,0-2.4-0.2-5.6-0.9c-3.2-0.8-10.3-2.8-15.1-3.5c-8.2-1.1-15.8,0-15.1,0.1c0.8,0.1,9.6-0.6,17.6,1.1c3.3,0.7,9.3,2.2,12.4,2.7\tC239.9,8.7,242.4,8.6,242.4,8.6z M185.2,8.5c1.7-0.7-13.3,4.7-18.5,6.1c-2.1,0.6-6.2,1.6-10,2c-3.9,0.4-8.9,0.4-8.8,0.5\tc0,0.2,5.8,0.8,11.2,0c5.4-0.8,5.2-1.1,7.6-1.6C170.5,14.7,183.5,9.2,185.2,8.5z M199.1,6.9c0.2,0-0.8-0.4-4.8,1.1\tc-4,1.5-6.7,3.5-6.9,3.7c-0.2,0.1,3.5-1.8,6.6-3C197,7.5,199,6.9,199.1,6.9z M283,6c-0.1,0.1-1.9,1.1-4.8,2.5s-6.9,2.8-6.7,2.7\tc0.2,0,3.5-0.6,7.4-2.5C282.8,6.8,283.1,5.9,283,6z M31.3,11.6c0.1-0.2-1.9-0.2-4.5-1.2s-5.4-1.6-7.8-2C15,7.6,7.3,8.5,7.7,8.6\tC8,8.7,15.9,8.3,20.2,9.3c2.2,0.5,2.4,0.5,5.7,1.6S31.2,11.9,31.3,11.6z M73,9.2c0.4-0.1,3.5-1.6,8.4-2.6c4.9-1.1,8.9-0.5,8.9-0.8\tc0-0.3-1-0.9-6.2-0.3S72.6,9.3,73,9.2z M71.6,6.7C71.8,6.8,75,5.4,77.3,5c2.3-0.3,1.9-0.5,1.9-0.6c0-0.1-1.1-0.2-2.7,0.2\tC74.8,5.1,71.4,6.6,71.6,6.7z M93.6,4.4c0.1,0.2,3.5,0.8,5.6,1.8c2.1,1,1.8,0.6,1.9,0.5c0.1-0.1-0.8-0.8-2.4-1.3\tC97.1,4.8,93.5,4.2,93.6,4.4z M65.4,11.1c-0.1,0.3,0.3,0.5,1.9-0.2s2.6-1.3,2.2-1.2s-0.9,0.4-2.5,0.8C65.3,10.9,65.5,10.8,65.4,11.1\tz M34.5,12.4c-0.2,0,2.1,0.8,3.3,0.9c1.2,0.1,2,0.1,2-0.2c0-0.3-0.1-0.5-1.6-0.4C36.6,12.8,34.7,12.4,34.5,12.4z M152.2,21.1\tc-0.1,0.1-2.4-0.3-7.5-0.3c-5,0-13.6-2.4-17.2-3.5c-3.6-1.1,10,3.9,16.5,4.1C150.5,21.6,152.3,21,152.2,21.1z\"\/>\n\t<path class=\"elementor-shape-fill\" d=\"M269.6,18c-0.1-0.1-4.6,0.3-7.2,0c-7.3-0.7-17-3.2-16.6-2.9c0.4,0.3,13.7,3.1,17,3.3\tC267.7,18.8,269.7,18,269.6,18z\"\/>\n\t<path class=\"elementor-shape-fill\" d=\"M227.4,9.8c-0.2-0.1-4.5-1-9.5-1.2c-5-0.2-12.7,0.6-12.3,0.5c0.3-0.1,5.9-1.8,13.3-1.2\tS227.6,9.9,227.4,9.8z\"\/>\n\t<path class=\"elementor-shape-fill\" d=\"M204.5,13.4c-0.1-0.1,2-1,3.2-1.1c1.2-0.1,2,0,2,0.3c0,0.3-0.1,0.5-1.6,0.4\tC206.4,12.9,204.6,13.5,204.5,13.4z\"\/>\n\t<path class=\"elementor-shape-fill\" d=\"M201,10.6c0-0.1-4.4,1.2-6.3,2.2c-1.9,0.9-6.2,3.1-6.1,3.1c0.1,0.1,4.2-1.6,6.3-2.6\tS201,10.7,201,10.6z\"\/>\n\t<path class=\"elementor-shape-fill\" d=\"M154.5,26.7c-0.1-0.1-4.6,0.3-7.2,0c-7.3-0.7-17-3.2-16.6-2.9c0.4,0.3,13.7,3.1,17,3.3\tC152.6,27.5,154.6,26.8,154.5,26.7z\"\/>\n\t<path class=\"elementor-shape-fill\" d=\"M41.9,19.3c0,0,1.2-0.3,2.9-0.1c1.7,0.2,5.8,0.9,8.2,0.7c4.2-0.4,7.4-2.7,7-2.6\tc-0.4,0-4.3,2.2-8.6,1.9c-1.8-0.1-5.1-0.5-6.7-0.4S41.9,19.3,41.9,19.3z\"\/>\n\t<path class=\"elementor-shape-fill\" d=\"M75.5,12.6c0.2,0.1,2-0.8,4.3-1.1c2.3-0.2,2.1-0.3,2.1-0.5c0-0.1-1.8-0.4-3.4,0\tC76.9,11.5,75.3,12.5,75.5,12.6z\"\/>\n\t<path class=\"elementor-shape-fill\" d=\"M15.6,13.2c0-0.1,4.3,0,6.7,0.5c2.4,0.5,5,1.9,5,2c0,0.1-2.7-0.8-5.1-1.4\tC19.9,13.7,15.7,13.3,15.6,13.2z\"\/>\n<\/svg>\t\t<\/div>\n\t\t\t\t\t<div class=\"elementor-container elementor-column-gap-default\">\n\t\t\t\t\t<div class=\"elementor-column elementor-col-100 elementor-top-column elementor-element elementor-element-7645433\" data-id=\"7645433\" data-element_type=\"column\" data-settings=\"{&quot;hoteller_ext_link_sidemenu&quot;:&quot;false&quot;,&quot;hoteller_ext_link_fullmenu&quot;:&quot;false&quot;,&quot;hoteller_ext_link_closed_fullmenu&quot;:&quot;false&quot;,&quot;hoteller_ext_is_scrollme&quot;:&quot;false&quot;,&quot;hoteller_ext_is_smoove&quot;:&quot;false&quot;,&quot;hoteller_ext_is_parallax_mouse&quot;:&quot;false&quot;,&quot;hoteller_ext_is_infinite&quot;:&quot;false&quot;,&quot;hoteller_ext_is_fadeout_animation&quot;:&quot;false&quot;,&quot;hoteller_ext_mobile_static&quot;:&quot;false&quot;}\">\n\t\t\t<div class=\"elementor-widget-wrap elementor-element-populated\">\n\t\t\t\t\t\t\t\t<div class=\"elementor-element elementor-element-6c272a2 elementor-widget elementor-widget-hoteller-animated-text\" data-id=\"6c272a2\" data-element_type=\"widget\" data-settings=\"{&quot;hoteller_ext_is_fadeout_animation&quot;:&quot;true&quot;,&quot;hoteller_ext_is_fadeout_animation_velocity&quot;:{&quot;unit&quot;:&quot;px&quot;,&quot;size&quot;:0.5,&quot;sizes&quot;:[]},&quot;hoteller_ext_link_sidemenu&quot;:&quot;false&quot;,&quot;hoteller_ext_link_fullmenu&quot;:&quot;false&quot;,&quot;hoteller_ext_link_closed_fullmenu&quot;:&quot;false&quot;,&quot;hoteller_ext_is_scrollme&quot;:&quot;false&quot;,&quot;hoteller_ext_is_smoove&quot;:&quot;false&quot;,&quot;hoteller_ext_is_parallax_mouse&quot;:&quot;false&quot;,&quot;hoteller_ext_is_infinite&quot;:&quot;false&quot;,&quot;hoteller_ext_is_fadeout_animation_direction&quot;:&quot;up&quot;,&quot;hoteller_ext_mobile_static&quot;:&quot;false&quot;}\" data-widget_type=\"hoteller-animated-text.default\">\n\t\t\t\t<div class=\"elementor-widget-container\">\n\t\t\t<div class=\"themegoods-animated-text text-alignment-center transition-right overflow-visible\" data-delimiter=\"character\" data-transition=\"30\" data-transition-delay=\"150\" data-transition-duration=\"800\">\n\t\t<h1>\n\t\tTerms &amp; Conditions\t<\/h1>\n\t<\/div>\t\t<\/div>\n\t\t\t\t<\/div>\n\t\t\t\t\t<\/div>\n\t\t<\/div>\n\t\t\t\t\t\t\t<\/div>\n\t\t<\/section>\n\t\t\t\t<section class=\"elementor-section elementor-top-section elementor-element elementor-element-24c74dc elementor-section-boxed elementor-section-height-default elementor-section-height-default\" data-id=\"24c74dc\" data-element_type=\"section\" data-settings=\"{&quot;hoteller_ext_is_background_parallax&quot;:&quot;false&quot;,&quot;hoteller_ext_is_background_on_scroll&quot;:&quot;false&quot;}\">\n\t\t\t\t\t\t<div class=\"elementor-container elementor-column-gap-default\">\n\t\t\t\t\t<div class=\"elementor-column elementor-col-100 elementor-top-column elementor-element elementor-element-efcadc4\" data-id=\"efcadc4\" data-element_type=\"column\" data-settings=\"{&quot;hoteller_ext_link_sidemenu&quot;:&quot;false&quot;,&quot;hoteller_ext_link_fullmenu&quot;:&quot;false&quot;,&quot;hoteller_ext_link_closed_fullmenu&quot;:&quot;false&quot;,&quot;hoteller_ext_is_scrollme&quot;:&quot;false&quot;,&quot;hoteller_ext_is_smoove&quot;:&quot;false&quot;,&quot;hoteller_ext_is_parallax_mouse&quot;:&quot;false&quot;,&quot;hoteller_ext_is_infinite&quot;:&quot;false&quot;,&quot;hoteller_ext_is_fadeout_animation&quot;:&quot;false&quot;,&quot;hoteller_ext_mobile_static&quot;:&quot;false&quot;}\">\n\t\t\t<div class=\"elementor-widget-wrap elementor-element-populated\">\n\t\t\t\t\t\t\t\t<div class=\"elementor-element elementor-element-d4de556 elementor-widget elementor-widget-text-editor\" data-id=\"d4de556\" data-element_type=\"widget\" data-settings=\"{&quot;hoteller_ext_link_sidemenu&quot;:&quot;false&quot;,&quot;hoteller_ext_link_fullmenu&quot;:&quot;false&quot;,&quot;hoteller_ext_link_closed_fullmenu&quot;:&quot;false&quot;,&quot;hoteller_ext_is_scrollme&quot;:&quot;false&quot;,&quot;hoteller_ext_is_smoove&quot;:&quot;false&quot;,&quot;hoteller_ext_is_parallax_mouse&quot;:&quot;false&quot;,&quot;hoteller_ext_is_infinite&quot;:&quot;false&quot;,&quot;hoteller_ext_is_fadeout_animation&quot;:&quot;false&quot;,&quot;hoteller_ext_mobile_static&quot;:&quot;false&quot;}\" data-widget_type=\"text-editor.default\">\n\t\t\t\t<div class=\"elementor-widget-container\">\n\t\t\t<style>\/*! elementor - v3.15.0 - 20-08-2023 *\/\n.elementor-widget-text-editor.elementor-drop-cap-view-stacked .elementor-drop-cap{background-color:#69727d;color:#fff}.elementor-widget-text-editor.elementor-drop-cap-view-framed .elementor-drop-cap{color:#69727d;border:3px solid;background-color:transparent}.elementor-widget-text-editor:not(.elementor-drop-cap-view-default) .elementor-drop-cap{margin-top:8px}.elementor-widget-text-editor:not(.elementor-drop-cap-view-default) .elementor-drop-cap-letter{width:1em;height:1em}.elementor-widget-text-editor .elementor-drop-cap{float:left;text-align:center;line-height:1;font-size:50px}.elementor-widget-text-editor .elementor-drop-cap-letter{display:inline-block}<\/style>\t\t\t\t\t\t\t\t\t\t<\/div>\n\t\t\t\t<\/div>\n\t\t\t\t<div class=\"elementor-element elementor-element-fe43138 elementor-widget elementor-widget-toggle\" data-id=\"fe43138\" data-element_type=\"widget\" data-settings=\"{&quot;hoteller_ext_link_sidemenu&quot;:&quot;false&quot;,&quot;hoteller_ext_link_fullmenu&quot;:&quot;false&quot;,&quot;hoteller_ext_link_closed_fullmenu&quot;:&quot;false&quot;,&quot;hoteller_ext_is_scrollme&quot;:&quot;false&quot;,&quot;hoteller_ext_is_smoove&quot;:&quot;false&quot;,&quot;hoteller_ext_is_parallax_mouse&quot;:&quot;false&quot;,&quot;hoteller_ext_is_infinite&quot;:&quot;false&quot;,&quot;hoteller_ext_is_fadeout_animation&quot;:&quot;false&quot;,&quot;hoteller_ext_mobile_static&quot;:&quot;false&quot;}\" data-widget_type=\"toggle.default\">\n\t\t\t\t<div class=\"elementor-widget-container\">\n\t\t\t<style>\/*! elementor - v3.15.0 - 20-08-2023 *\/\n.elementor-toggle{text-align:left}.elementor-toggle .elementor-tab-title{font-weight:700;line-height:1;margin:0;padding:15px;border-bottom:1px solid #d5d8dc;cursor:pointer;outline:none}.elementor-toggle .elementor-tab-title .elementor-toggle-icon{display:inline-block;width:1em}.elementor-toggle .elementor-tab-title .elementor-toggle-icon svg{-webkit-margin-start:-5px;margin-inline-start:-5px;width:1em;height:1em}.elementor-toggle .elementor-tab-title .elementor-toggle-icon.elementor-toggle-icon-right{float:right;text-align:right}.elementor-toggle .elementor-tab-title .elementor-toggle-icon.elementor-toggle-icon-left{float:left;text-align:left}.elementor-toggle .elementor-tab-title .elementor-toggle-icon .elementor-toggle-icon-closed{display:block}.elementor-toggle .elementor-tab-title .elementor-toggle-icon .elementor-toggle-icon-opened{display:none}.elementor-toggle .elementor-tab-title.elementor-active{border-bottom:none}.elementor-toggle .elementor-tab-title.elementor-active .elementor-toggle-icon-closed{display:none}.elementor-toggle .elementor-tab-title.elementor-active .elementor-toggle-icon-opened{display:block}.elementor-toggle .elementor-tab-content{padding:15px;border-bottom:1px solid #d5d8dc;display:none}@media (max-width:767px){.elementor-toggle .elementor-tab-title{padding:12px}.elementor-toggle .elementor-tab-content{padding:12px 10px}}.e-con-inner>.elementor-widget-toggle,.e-con>.elementor-widget-toggle{width:var(--container-widget-width);--flex-grow:var(--container-widget-flex-grow)}<\/style>\t\t<div class=\"elementor-toggle\">\n\t\t\t\t\t\t\t<div class=\"elementor-toggle-item\">\n\t\t\t\t\t<div id=\"elementor-tab-title-2661\" class=\"elementor-tab-title\" data-tab=\"1\" role=\"button\" aria-controls=\"elementor-tab-content-2661\" aria-expanded=\"false\">\n\t\t\t\t\t\t\t\t\t\t\t\t<span class=\"elementor-toggle-icon elementor-toggle-icon-left\" aria-hidden=\"true\">\n\t\t\t\t\t\t\t\t\t\t\t\t\t\t\t<span class=\"elementor-toggle-icon-closed\"><i class=\"fas fa-caret-right\"><\/i><\/span>\n\t\t\t\t\t\t\t\t<span class=\"elementor-toggle-icon-opened\"><i class=\"elementor-toggle-icon-opened fas fa-caret-up\"><\/i><\/span>\n\t\t\t\t\t\t\t\t\t\t\t\t\t<\/span>\n\t\t\t\t\t\t\t\t\t\t\t\t<a class=\"elementor-toggle-title\" tabindex=\"0\">INFORMATION ABOUT THE WEBSITE<\/a>\n\t\t\t\t\t<\/div>\n\n\t\t\t\t\t<div id=\"elementor-tab-content-2661\" class=\"elementor-tab-content elementor-clearfix\" data-tab=\"1\" role=\"region\" aria-labelledby=\"elementor-tab-title-2661\"><p>This information and this website are the property of the commercial company Hotel Rota Malhoa, Unipessoal Lda, legal person n.\u00ba 516617508, headquartered at Rua Major Neutel de Abreu, N\u00ba 155, R\/C, Vale Albardas 3260-427 Figueir\u00f3 dos Vinhos and share capital of \u20ac5000.00 (five thousand euros), hereinafter identified as \u201cHotel Rota Malhoa\u201d \u201cowner\u201d or \u201cowner\u201d.<\/p><p>All terms and conditions of this website and any other digital communication channels owned by Hotel Rota Malhoa are governed by Portuguese law.<\/p><p class=\" translation-block\">The use of this website, as well as the associated services and communication channels, implies the presumption of acceptance by the customer\/user of these terms and conditions of use, as well as knowledge of <a href=\"https:\/\/casulosoftware .pt\/malhoa\/politica-privacidade\/\" target=\"_self\"><u>privacy policy<\/u><\/a>.<\/p><p class=\" translation-block\">A <em>user<\/em> is any natural or legal person who accesses the website <a href=\"http:\/\/hotelrotamalhoa.com\" target=\"_self\">http:\/\/hotelrotamalhoa.com<\/a> and to which we refer as <em>\u201cuser\u201d.<\/em> The reference to users may be made in the singular or plural, without this distorting the content of these terms and conditions.<\/p><p class=\" translation-block\">If you do not accept the terms and conditions and the <a href=\"https:\/\/hotelrotamalhoa.com\/politica-privacidade\/\" target=\"_self\">privacy policy<\/a>, do not use this website\u00a0<a href=\"http:\/\/hotelrotamalhoa.com\" target=\"_self\">http:\/\/hotelrotamalhoa.com<\/a><\/p><p>All content on this website and other digital communication channels associated with it, including texts, brands, logos, images and audio or video material, is the exclusive property of Hotel Rota Malhoa and is protected by copyright, whose violation may substantiate the commission of the crime of counterfeiting, provided for and punished by articles 196 and 197 of the Code of Copyright and Related Rights, punishable by imprisonment for up to three years and a fine of one hundred and fifty to two hundred and fifty days, according to the seriousness of the infraction, aggravated one and the other to double in case of recurrence.<\/p><p class=\" translation-block\">It is hereby warned that the contents, services, conditions of use of the site and the <a href=\"https:\/\/hotelrotamalhoa.com\/politica-privacidade\/\" target=\"_self\"><u>privacy policy<\/u><\/a>, may be modified by Hotel Rota Malhoa, as permitted by applicable law, when the change is required by law or is related to the expansion or introduction of new services and\/or functionalities or any other changes that prove necessary. Hotel Rota Malhoa will use its best efforts to indicate in writing or online the date of the last update. However, regular consultation is advised.<\/p><p>The user undertakes to refrain from using the site to post and disseminate discriminatory, obscene, pornographic, defamatory comments, likely to incite racial hatred, breach of confidentiality or privacy, which may cause discomfort or inconvenience to third parties, that encourage or constitute conduct that may be considered a criminal offense, give rise to civil liability or any other form that is contrary to Portuguese law, committing to delete as soon as this behavior is observed.<\/p><p>To get in touch with Hotel Rota Malhoa through this website, the user declares to have read and to be aware of these terms and conditions and also the privacy policy. This is why the user is asked to know these terms and conditions and the privacy policy before submitting their data, in any way.<\/p><p>By accessing the website, users agree not to use the same, or its content, in violation of any legal rule, as well as not to reproduce, modify, or transmit its content for any public purpose, without the prior and express written consent of holder.<\/p><p>The holder is not responsible for any damage suffered by the customer, user and\/or third parties, due to delays, interruptions, errors and suspensions of communications that do not depend on its control and that therefore can only be attributable to third parties, such as the responsible for managing the telecommunications network; through the electronic channels used by the holder; by the computer system and its maintenance; by modems; by the connection software or possible computer viruses or resulting from downloads and infected files carried out by the customer.<\/p><p class=\" translation-block\">If you would like any clarification on the operation of this website or its contents, please do not hesitate to send us an email to <a href=\"mailto:geral@hotelrotamalhoa.com\" target=\"_self\">geral@hotelrotamalhoa.com <\/a><\/p><\/div>\n\t\t\t\t<\/div>\n\t\t\t\t\t\t\t<div class=\"elementor-toggle-item\">\n\t\t\t\t\t<div id=\"elementor-tab-title-2662\" class=\"elementor-tab-title\" data-tab=\"2\" role=\"button\" aria-controls=\"elementor-tab-content-2662\" aria-expanded=\"false\">\n\t\t\t\t\t\t\t\t\t\t\t\t<span class=\"elementor-toggle-icon elementor-toggle-icon-left\" aria-hidden=\"true\">\n\t\t\t\t\t\t\t\t\t\t\t\t\t\t\t<span class=\"elementor-toggle-icon-closed\"><i class=\"fas fa-caret-right\"><\/i><\/span>\n\t\t\t\t\t\t\t\t<span class=\"elementor-toggle-icon-opened\"><i class=\"elementor-toggle-icon-opened fas fa-caret-up\"><\/i><\/span>\n\t\t\t\t\t\t\t\t\t\t\t\t\t<\/span>\n\t\t\t\t\t\t\t\t\t\t\t\t<a class=\"elementor-toggle-title\" tabindex=\"0\">RESERVATIONS<\/a>\n\t\t\t\t\t<\/div>\n\n\t\t\t\t\t<div id=\"elementor-tab-content-2662\" class=\"elementor-tab-content elementor-clearfix\" data-tab=\"2\" role=\"region\" aria-labelledby=\"elementor-tab-title-2662\"><p>The owner of the website is a service provider for hotel establishments, being registered in the national tourism register with number 3774.<\/p>\n<p>Information about our rooms, accommodation conditions and cancellation of reservations can be found in detail on this website, in the \u201crooms\u201d tab.<\/p>\n<p class=\" translation-block\">Confirmation of reservations requires payment of the price corresponding to the type of service contracted, which is previously informed to the customer, in the tab \u201c<a href=\"https:\/\/hotelrotamalhoa.com\/our-rooms\/\" target=\"_self\">rooms<\/a>\u201d.<\/p>\n<p>The prices shown include fees and taxes, and a tourist tax may be charged if the Municipality of Figueir\u00f3 dos Vinhos decides to charge it, the amount and time of payment of which will be communicated to the customer in due course.<\/p>\n<p>To book the hotel service, the user does not need to register on the website, having, however, to fill in the form designated for this purpose, in order to formalize the reservation.<\/p>\n<p>All information uploaded by the user on this website, to formalize reservations, is his sole responsibility, so Hotel Rota Malhoa will not assume any responsibility for making reservations with false data. However, Hotel Rota Malhoa reserves the right to request additional data and information from the form, in order to confirm that the data registered in the reservation meet the required conditions.<\/p>\n<p>For the service provided by Hotel Rota Malhoa, the extension of the exercise of the right of withdrawal of 14 (fourteen) days is not applicable, pursuant to the provisions of article 17.\u00ba, n.\u00ba 1, al. k) of Decree-Law No. 24\/2014, of February 14th.<\/p>\n<p>Some reservations may be non-refundable if canceled less than 1 day before arrival and others can only be canceled free of charge up to 1 day before arrival, this information is duly identified in the reservation process. For other questions about changes or cancellations of reservations, please contact Hotel Rota Malhoa through the form on this website or through the alternative contacts duly identified in \u201d<a href=\"https:\/\/hotelrotamalhoa.com\/en\/contatos\/\">Contacts<\/a>\u201d.<\/p>\n<p>Bookings for persons under 18 years of age are prohibited.<\/p>\n<p>In exceptional situations and justified by disruption of normal functioning (namely, but not limited to, drunkenness or contempt), Hotel Rota Malhoa may refuse access to it, without the right to reimbursement of any amounts paid by the customer.<\/p>\n<p><\/p>\n<p class=\" translation-block\">If you would like to obtain information about the temporary reservation of part or all of the Hotel Rota Malhoa, namely for executive purposes and\/or the organization of events, please contact us through the form on this website or through the alternative contacts duly identified in \u201c<a href=\"https:\/\/hotelrotamalhoa.com\/contatos\/\" target=\"_self\">Contacts<\/a>\u201d.<\/p>\n<p>On this website, personal data are collected and processed for the purposes of acquiring services provided by the owner. The collection of your personal data is carried out as part of the procedure for requesting information or contracting the hotel reservation service, at the initiative of the user.<\/p>\n<p>Any collection and processing of data through other digital communication channels that are associated with this website (such as, without limitation, electronic means of communication and social networks), is carried out as part of the contact request procedure of the user's initiative or contracting the owner's services.<\/p>\n<p>Your personal information may be collected through other sources, such as travel agencies, who are also responsible for ensuring the protection of your data.<\/p>\n<p>The data we collect is the following:<\/p>\n<p class=\" translation-block\"><strong>Contact request:<\/strong> name and email address<\/p>\n<p class=\" translation-block\"><strong>Hotel reservation service: <\/strong>Name, email address, telephone contact, country of residence, bank details, NIF and address;<\/p><\/div>\n\t\t\t\t<\/div>\n\t\t\t\t\t\t\t<div class=\"elementor-toggle-item\">\n\t\t\t\t\t<div id=\"elementor-tab-title-2663\" class=\"elementor-tab-title\" data-tab=\"3\" role=\"button\" aria-controls=\"elementor-tab-content-2663\" aria-expanded=\"false\">\n\t\t\t\t\t\t\t\t\t\t\t\t<span class=\"elementor-toggle-icon elementor-toggle-icon-left\" aria-hidden=\"true\">\n\t\t\t\t\t\t\t\t\t\t\t\t\t\t\t<span class=\"elementor-toggle-icon-closed\"><i class=\"fas fa-caret-right\"><\/i><\/span>\n\t\t\t\t\t\t\t\t<span class=\"elementor-toggle-icon-opened\"><i class=\"elementor-toggle-icon-opened fas fa-caret-up\"><\/i><\/span>\n\t\t\t\t\t\t\t\t\t\t\t\t\t<\/span>\n\t\t\t\t\t\t\t\t\t\t\t\t<a class=\"elementor-toggle-title\" tabindex=\"0\">DISPUTES<\/a>\n\t\t\t\t\t<\/div>\n\n\t\t\t\t\t<div id=\"elementor-tab-content-2663\" class=\"elementor-tab-content elementor-clearfix\" data-tab=\"3\" role=\"region\" aria-labelledby=\"elementor-tab-title-2663\"><p>In the event of a dispute, the parties undertake to make every effort to resolve the dispute out of court.<\/p><p>Contractual relations are governed by Portuguese law.<\/p><p>In the event of a dispute, the Judicial Court of the Comarca of Leiria, Ju\u00edzo de Compet\u00eancia Generica de Figueir\u00f3 dos Vinhos is chosen as the competent court.<\/p><p class=\" translation-block\">It is always possible for the user to resort to an alternative consumer dispute resolution center to resolve any disputes without resorting to a Judicial Court. Learn more\u00a0<span style=\"text-decoration: underline\"><a href=\"https:\/\/www.consumidor.gov.pt\/\" target=\"_self\">here<\/a><\/span>. Get to know the\u00a0<span style=\"text-decoration: underline\"><a href=\"https:\/\/dgpj.justica.gov.pt\/Resolucao-de-Litigios\/Arbitragem\/Centros-de-Arbitragem-autorizados\" target=\"_self\">arbitration centers<\/a><\/span>\u00a0existing in Portugal\u00a0and know that there is a European dispute resolution platform that you can consult\u00a0<a href=\"https:\/\/ec.europa.eu\/consumers\/ odr\/main\/index.cfm?event=main.home2.show&amp;lng=EN\" target=\"_self\"><u>here<\/u><\/a>.<\/p><p class=\" translation-block\">This website has an <span style=\"text-decoration: underline\"><a href=\"https:\/\/www.livroreclamacoes.pt\/inicio\" target=\"_self\">electronic complaints book<\/a><\/span>.<\/p><p>In addition to the above hypothesis, if for any reason you wish to expose your dissatisfaction, to improve our quality, do not hesitate to send us a message with your suggestions.<\/p><p><em>\u00a0<\/em><\/p><p class=\" translation-block\"><em>This page of Terms and Conditions was prepared by a Lawyer, and its content is protected by copyright, so that any reproduction, even partial, is prohibited under penalty of committing the crime of counterfeiting, provided for and punished by articles 196. \u00ba and 197.\u00ba of the Code of Copyright and Related Rights, punishable by imprisonment for up to three years and a fine of one hundred and fifty to two hundred and fifty days, <\/em><em>according to the gravity of the infraction, both aggravated by double in case of recurrence.<\/em><\/p><\/div>\n\t\t\t\t<\/div>\n\t\t\t\t\t\t\t\t<\/div>\n\t\t\t\t<\/div>\n\t\t\t\t<\/div>\n\t\t\t\t\t<\/div>\n\t\t<\/div>\n\t\t\t\t\t\t\t<\/div>\n\t\t<\/section>\n\t\t\t\t\t\t\t<\/div>","protected":false},"excerpt":{"rendered":"<p>Termos &#038; Condi\u00e7\u00f5es INFORMA\u00c7\u00c3O SOBRE O WEBSITE A presente informa\u00e7\u00e3o e o presente website s\u00e3o propriedade da sociedade comercial Hotel Rota Malhoa, Unipessoal Lda, pessoa coletiva n.\u00ba 516617508, com sede em Rua Major Neutel de Abreu, N\u00ba 155, R\/C, Vale [&hellip;]<\/p>","protected":false},"author":2,"featured_media":0,"parent":0,"menu_order":0,"comment_status":"closed","ping_status":"closed","template":"elementor_header_footer","meta":{"footnotes":""},"class_list":["post-1948","page","type-page","status-publish","hentry"],"_links":{"self":[{"href":"https:\/\/hotelrotamalhoa.com\/en\/wp-json\/wp\/v2\/pages\/1948","targetHints":{"allow":["GET"]}}],"collection":[{"href":"https:\/\/hotelrotamalhoa.com\/en\/wp-json\/wp\/v2\/pages"}],"about":[{"href":"https:\/\/hotelrotamalhoa.com\/en\/wp-json\/wp\/v2\/types\/page"}],"author":[{"embeddable":true,"href":"https:\/\/hotelrotamalhoa.com\/en\/wp-json\/wp\/v2\/users\/2"}],"replies":[{"embeddable":true,"href":"https:\/\/hotelrotamalhoa.com\/en\/wp-json\/wp\/v2\/comments?post=1948"}],"version-history":[{"count":13,"href":"https:\/\/hotelrotamalhoa.com\/en\/wp-json\/wp\/v2\/pages\/1948\/revisions"}],"predecessor-version":[{"id":2034,"href":"https:\/\/hotelrotamalhoa.com\/en\/wp-json\/wp\/v2\/pages\/1948\/revisions\/2034"}],"wp:attachment":[{"href":"https:\/\/hotelrotamalhoa.com\/en\/wp-json\/wp\/v2\/media?parent=1948"}],"curies":[{"name":"wp","href":"https:\/\/api.w.org\/{rel}","templated":true}]}}