{"id":1973,"date":"2021-08-16T04:01:37","date_gmt":"2021-08-16T04:01:37","guid":{"rendered":"https:\/\/hotelrotamalhoa.com\/?page_id=1973"},"modified":"2023-07-07T10:11:30","modified_gmt":"2023-07-07T10:11:30","slug":"politica-cookies","status":"publish","type":"page","link":"https:\/\/hotelrotamalhoa.com\/en\/politica-cookies\/","title":{"rendered":"Cookies Policy"},"content":{"rendered":"<div data-elementor-type=\"wp-page\" data-elementor-id=\"1973\" class=\"elementor elementor-1973\">\n\t\t\t\t\t\t\t\t\t<section class=\"elementor-section elementor-top-section elementor-element elementor-element-3915f80 elementor-section-height-min-height elementor-section-stretched elementor-section-boxed elementor-section-height-default elementor-section-items-middle\" data-id=\"3915f80\" data-element_type=\"section\" data-settings=\"{&quot;stretch_section&quot;:&quot;section-stretched&quot;,&quot;background_background&quot;:&quot;classic&quot;,&quot;shape_divider_bottom&quot;:&quot;wave-brush&quot;,&quot;hoteller_ext_is_background_parallax&quot;:&quot;false&quot;,&quot;hoteller_ext_is_background_on_scroll&quot;:&quot;false&quot;}\">\n\t\t\t\t\t<div class=\"elementor-shape elementor-shape-bottom\" data-negative=\"false\">\n\t\t\t<svg xmlns=\"http:\/\/www.w3.org\/2000\/svg\" viewbox=\"0 0 283.5 27.8\" preserveaspectratio=\"none\">\n\t<path class=\"elementor-shape-fill\" d=\"M283.5,9.7c0,0-7.3,4.3-14,4.6c-6.8,0.3-12.6,0-20.9-1.5c-11.3-2-33.1-10.1-44.7-5.7\ts-12.1,4.6-18,7.4c-6.6,3.2-20,9.6-36.6,9.3C131.6,23.5,99.5,7.2,86.3,8c-1.4,0.1-6.6,0.8-10.5,2c-3.8,1.2-9.4,3.8-17,4.7\tc-3.2,0.4-8.3,1.1-14.2,0.9c-1.5-0.1-6.3-0.4-12-1.6c-5.7-1.2-11-3.1-15.8-3.7C6.5,9.2,0,10.8,0,10.8V0h283.5V9.7z M260.8,11.3\tc-0.7-1-2-0.4-4.3-0.4c-2.3,0-6.1-1.2-5.8-1.1c0.3,0.1,3.1,1.5,6,1.9C259.7,12.2,261.4,12.3,260.8,11.3z M242.4,8.6\tc0,0-2.4-0.2-5.6-0.9c-3.2-0.8-10.3-2.8-15.1-3.5c-8.2-1.1-15.8,0-15.1,0.1c0.8,0.1,9.6-0.6,17.6,1.1c3.3,0.7,9.3,2.2,12.4,2.7\tC239.9,8.7,242.4,8.6,242.4,8.6z M185.2,8.5c1.7-0.7-13.3,4.7-18.5,6.1c-2.1,0.6-6.2,1.6-10,2c-3.9,0.4-8.9,0.4-8.8,0.5\tc0,0.2,5.8,0.8,11.2,0c5.4-0.8,5.2-1.1,7.6-1.6C170.5,14.7,183.5,9.2,185.2,8.5z M199.1,6.9c0.2,0-0.8-0.4-4.8,1.1\tc-4,1.5-6.7,3.5-6.9,3.7c-0.2,0.1,3.5-1.8,6.6-3C197,7.5,199,6.9,199.1,6.9z M283,6c-0.1,0.1-1.9,1.1-4.8,2.5s-6.9,2.8-6.7,2.7\tc0.2,0,3.5-0.6,7.4-2.5C282.8,6.8,283.1,5.9,283,6z M31.3,11.6c0.1-0.2-1.9-0.2-4.5-1.2s-5.4-1.6-7.8-2C15,7.6,7.3,8.5,7.7,8.6\tC8,8.7,15.9,8.3,20.2,9.3c2.2,0.5,2.4,0.5,5.7,1.6S31.2,11.9,31.3,11.6z M73,9.2c0.4-0.1,3.5-1.6,8.4-2.6c4.9-1.1,8.9-0.5,8.9-0.8\tc0-0.3-1-0.9-6.2-0.3S72.6,9.3,73,9.2z M71.6,6.7C71.8,6.8,75,5.4,77.3,5c2.3-0.3,1.9-0.5,1.9-0.6c0-0.1-1.1-0.2-2.7,0.2\tC74.8,5.1,71.4,6.6,71.6,6.7z M93.6,4.4c0.1,0.2,3.5,0.8,5.6,1.8c2.1,1,1.8,0.6,1.9,0.5c0.1-0.1-0.8-0.8-2.4-1.3\tC97.1,4.8,93.5,4.2,93.6,4.4z M65.4,11.1c-0.1,0.3,0.3,0.5,1.9-0.2s2.6-1.3,2.2-1.2s-0.9,0.4-2.5,0.8C65.3,10.9,65.5,10.8,65.4,11.1\tz M34.5,12.4c-0.2,0,2.1,0.8,3.3,0.9c1.2,0.1,2,0.1,2-0.2c0-0.3-0.1-0.5-1.6-0.4C36.6,12.8,34.7,12.4,34.5,12.4z M152.2,21.1\tc-0.1,0.1-2.4-0.3-7.5-0.3c-5,0-13.6-2.4-17.2-3.5c-3.6-1.1,10,3.9,16.5,4.1C150.5,21.6,152.3,21,152.2,21.1z\"\/>\n\t<path class=\"elementor-shape-fill\" d=\"M269.6,18c-0.1-0.1-4.6,0.3-7.2,0c-7.3-0.7-17-3.2-16.6-2.9c0.4,0.3,13.7,3.1,17,3.3\tC267.7,18.8,269.7,18,269.6,18z\"\/>\n\t<path class=\"elementor-shape-fill\" d=\"M227.4,9.8c-0.2-0.1-4.5-1-9.5-1.2c-5-0.2-12.7,0.6-12.3,0.5c0.3-0.1,5.9-1.8,13.3-1.2\tS227.6,9.9,227.4,9.8z\"\/>\n\t<path class=\"elementor-shape-fill\" d=\"M204.5,13.4c-0.1-0.1,2-1,3.2-1.1c1.2-0.1,2,0,2,0.3c0,0.3-0.1,0.5-1.6,0.4\tC206.4,12.9,204.6,13.5,204.5,13.4z\"\/>\n\t<path class=\"elementor-shape-fill\" d=\"M201,10.6c0-0.1-4.4,1.2-6.3,2.2c-1.9,0.9-6.2,3.1-6.1,3.1c0.1,0.1,4.2-1.6,6.3-2.6\tS201,10.7,201,10.6z\"\/>\n\t<path class=\"elementor-shape-fill\" d=\"M154.5,26.7c-0.1-0.1-4.6,0.3-7.2,0c-7.3-0.7-17-3.2-16.6-2.9c0.4,0.3,13.7,3.1,17,3.3\tC152.6,27.5,154.6,26.8,154.5,26.7z\"\/>\n\t<path class=\"elementor-shape-fill\" d=\"M41.9,19.3c0,0,1.2-0.3,2.9-0.1c1.7,0.2,5.8,0.9,8.2,0.7c4.2-0.4,7.4-2.7,7-2.6\tc-0.4,0-4.3,2.2-8.6,1.9c-1.8-0.1-5.1-0.5-6.7-0.4S41.9,19.3,41.9,19.3z\"\/>\n\t<path class=\"elementor-shape-fill\" d=\"M75.5,12.6c0.2,0.1,2-0.8,4.3-1.1c2.3-0.2,2.1-0.3,2.1-0.5c0-0.1-1.8-0.4-3.4,0\tC76.9,11.5,75.3,12.5,75.5,12.6z\"\/>\n\t<path class=\"elementor-shape-fill\" d=\"M15.6,13.2c0-0.1,4.3,0,6.7,0.5c2.4,0.5,5,1.9,5,2c0,0.1-2.7-0.8-5.1-1.4\tC19.9,13.7,15.7,13.3,15.6,13.2z\"\/>\n<\/svg>\t\t<\/div>\n\t\t\t\t\t<div class=\"elementor-container elementor-column-gap-default\">\n\t\t\t\t\t<div class=\"elementor-column elementor-col-100 elementor-top-column elementor-element elementor-element-7645433\" data-id=\"7645433\" data-element_type=\"column\" data-settings=\"{&quot;hoteller_ext_link_sidemenu&quot;:&quot;false&quot;,&quot;hoteller_ext_link_fullmenu&quot;:&quot;false&quot;,&quot;hoteller_ext_link_closed_fullmenu&quot;:&quot;false&quot;,&quot;hoteller_ext_is_scrollme&quot;:&quot;false&quot;,&quot;hoteller_ext_is_smoove&quot;:&quot;false&quot;,&quot;hoteller_ext_is_parallax_mouse&quot;:&quot;false&quot;,&quot;hoteller_ext_is_infinite&quot;:&quot;false&quot;,&quot;hoteller_ext_is_fadeout_animation&quot;:&quot;false&quot;,&quot;hoteller_ext_mobile_static&quot;:&quot;false&quot;}\">\n\t\t\t<div class=\"elementor-widget-wrap elementor-element-populated\">\n\t\t\t\t\t\t\t\t<div class=\"elementor-element elementor-element-6c272a2 elementor-widget elementor-widget-hoteller-animated-text\" data-id=\"6c272a2\" data-element_type=\"widget\" data-settings=\"{&quot;hoteller_ext_is_fadeout_animation&quot;:&quot;true&quot;,&quot;hoteller_ext_is_fadeout_animation_velocity&quot;:{&quot;unit&quot;:&quot;px&quot;,&quot;size&quot;:0.5,&quot;sizes&quot;:[]},&quot;hoteller_ext_link_sidemenu&quot;:&quot;false&quot;,&quot;hoteller_ext_link_fullmenu&quot;:&quot;false&quot;,&quot;hoteller_ext_link_closed_fullmenu&quot;:&quot;false&quot;,&quot;hoteller_ext_is_scrollme&quot;:&quot;false&quot;,&quot;hoteller_ext_is_smoove&quot;:&quot;false&quot;,&quot;hoteller_ext_is_parallax_mouse&quot;:&quot;false&quot;,&quot;hoteller_ext_is_infinite&quot;:&quot;false&quot;,&quot;hoteller_ext_is_fadeout_animation_direction&quot;:&quot;up&quot;,&quot;hoteller_ext_mobile_static&quot;:&quot;false&quot;}\" data-widget_type=\"hoteller-animated-text.default\">\n\t\t\t\t<div class=\"elementor-widget-container\">\n\t\t\t<div class=\"themegoods-animated-text text-alignment-center transition-right overflow-visible\" data-delimiter=\"character\" data-transition=\"30\" data-transition-delay=\"150\" data-transition-duration=\"800\">\n\t\t<h1>\n\t\tCookies Policy\t<\/h1>\n\t<\/div>\t\t<\/div>\n\t\t\t\t<\/div>\n\t\t\t\t\t<\/div>\n\t\t<\/div>\n\t\t\t\t\t\t\t<\/div>\n\t\t<\/section>\n\t\t\t\t<section class=\"elementor-section elementor-top-section elementor-element elementor-element-0f2d2ff elementor-section-boxed elementor-section-height-default elementor-section-height-default\" data-id=\"0f2d2ff\" data-element_type=\"section\" data-settings=\"{&quot;hoteller_ext_is_background_parallax&quot;:&quot;false&quot;,&quot;hoteller_ext_is_background_on_scroll&quot;:&quot;false&quot;}\">\n\t\t\t\t\t\t<div class=\"elementor-container elementor-column-gap-default\">\n\t\t\t\t\t<div class=\"elementor-column elementor-col-100 elementor-top-column elementor-element elementor-element-0bb0425\" data-id=\"0bb0425\" data-element_type=\"column\" data-settings=\"{&quot;hoteller_ext_link_sidemenu&quot;:&quot;false&quot;,&quot;hoteller_ext_link_fullmenu&quot;:&quot;false&quot;,&quot;hoteller_ext_link_closed_fullmenu&quot;:&quot;false&quot;,&quot;hoteller_ext_is_scrollme&quot;:&quot;false&quot;,&quot;hoteller_ext_is_smoove&quot;:&quot;false&quot;,&quot;hoteller_ext_is_parallax_mouse&quot;:&quot;false&quot;,&quot;hoteller_ext_is_infinite&quot;:&quot;false&quot;,&quot;hoteller_ext_is_fadeout_animation&quot;:&quot;false&quot;,&quot;hoteller_ext_mobile_static&quot;:&quot;false&quot;}\">\n\t\t\t<div class=\"elementor-widget-wrap elementor-element-populated\">\n\t\t\t\t\t\t\t\t<div class=\"elementor-element elementor-element-f15b98f elementor-widget elementor-widget-text-editor\" data-id=\"f15b98f\" data-element_type=\"widget\" data-settings=\"{&quot;hoteller_ext_link_sidemenu&quot;:&quot;false&quot;,&quot;hoteller_ext_link_fullmenu&quot;:&quot;false&quot;,&quot;hoteller_ext_link_closed_fullmenu&quot;:&quot;false&quot;,&quot;hoteller_ext_is_scrollme&quot;:&quot;false&quot;,&quot;hoteller_ext_is_smoove&quot;:&quot;false&quot;,&quot;hoteller_ext_is_parallax_mouse&quot;:&quot;false&quot;,&quot;hoteller_ext_is_infinite&quot;:&quot;false&quot;,&quot;hoteller_ext_is_fadeout_animation&quot;:&quot;false&quot;,&quot;hoteller_ext_mobile_static&quot;:&quot;false&quot;}\" data-widget_type=\"text-editor.default\">\n\t\t\t\t<div class=\"elementor-widget-container\">\n\t\t\t<style>\/*! elementor - v3.15.0 - 20-08-2023 *\/\n.elementor-widget-text-editor.elementor-drop-cap-view-stacked .elementor-drop-cap{background-color:#69727d;color:#fff}.elementor-widget-text-editor.elementor-drop-cap-view-framed .elementor-drop-cap{color:#69727d;border:3px solid;background-color:transparent}.elementor-widget-text-editor:not(.elementor-drop-cap-view-default) .elementor-drop-cap{margin-top:8px}.elementor-widget-text-editor:not(.elementor-drop-cap-view-default) .elementor-drop-cap-letter{width:1em;height:1em}.elementor-widget-text-editor .elementor-drop-cap{float:left;text-align:center;line-height:1;font-size:50px}.elementor-widget-text-editor .elementor-drop-cap-letter{display:inline-block}<\/style>\t\t\t\t<p>This information and this website are the property of the commercial company Hotel Rota Malhoa, Unipessoal Lda., legal person n.\u00ba 516617508, headquartered at Rua Major Neutel de Abreu, N\u00ba 155, R\/C, Vale Albardas 3260-427 Figueir\u00f3 dos Wines and share capital of \u20ac5000.00 (five thousand euros), hereinafter identified as \u201cHotel Rota Malhoa\u201d.<\/p><p class=\" translation-block\">A\u00a0<em>cookie<\/em>\u00a0is a small text file that is installed on your computer or mobile device whenever you visit this website. If you consent, we may use cookies and other tracking technologies to collect and store your information.<\/p><p>Through this website, the following cookies are collected:<\/p><p class=\" translation-block\"><strong>Essential or Necessary Cookies: <\/strong>\u00a0These Cookies are used to provide the user with requested tools or services.<\/p><p class=\" translation-block\"><strong>Third-party cookies:<\/strong>These Cookies are placed by third parties on the user's device, providing information about the activity and patterns of the user's browser (example: visits to a website, pages visited, links and advertising in which loaded). These Cookies can determine whether third-party services are being used, identify user interests, adjust advertising and allow advertising that is relevant to website users.<\/p><p class=\" translation-block\"><strong>Functionality Cookies:<\/strong>These Cookies serve to use our users' selections and settings, to save our users' preferences and recognize them when they return to our Site, and also to help us personalize the content and know user preferences (example: name, language or region).<\/p><p class=\" translation-block\"><strong>Analytical Cookies:<\/strong> These are Cookies that help us to understand how users use our Site, to collect information about the number of visitors, pages visited and duration of visits. These Cookies also help us measure the performance of our promotional campaigns and optimize the best user experience.<\/p><p>Hotel Rota Malhoa uses Google Analytics external platforms; Google Maps API and WinTouch, to power the website. To find out more about the cookies collected by these platforms, you should consult their cookie policy as they are the only entities responsible for managing the cookies collected.<\/p><p class=\" translation-block\">You can refuse the storage of cookies, through your browser tools, accessing the privacy settings and selecting the option that allows you to disable the automatic acceptance of cookies. <strong>BUT PLEASE NOTE THAT BY DISABLING ESSENTIAL COOKIES, YOU MAY CAUSE THE SERVICES TO BE AVAILABLE OR WITH TECHNICAL CONSTRAINTS.<\/strong><\/p><p>If that is your intention, you can select one of the links below, in order to obtain more information on how to disable cookies in your browser:<\/p><p><strong>CHROME:<\/strong> <a href=\"https:\/\/support.google.com\/accounts\/answer\/61416?hl=pt\">https:\/\/support.google.com\/accounts\/answer\/61416?hl=pt<\/a><\/p><p><strong>SAFARI:<\/strong> <a href=\"https:\/\/support.apple.com\/pt-pt\/HT201265\">https:\/\/support.apple.com\/pt-pt\/HT201265<\/a><\/p><p><strong>INTERNET EXPLORER: <\/strong><\/p><p><a href=\"https:\/\/support.microsoft.com\/pt-pt\/help\/17442\/windows-internet-explorer-delete-manage-cookies\">https:\/\/support.microsoft.com\/pt-pt\/help\/17442\/windows-internet-explorer-delete-manage-cookies<\/a>\u00a0<\/p><p><strong>FIREFOX: <\/strong><\/p><p><a href=\"https:\/\/support.mozilla.org\/pt-PT\/users\/auth?next=%2Fpt-PT%2Fkb%2Fnew%3Ftitle%3DAtivar%2Be%2Bdesativar%2Bcookies%2Bque%2Bos%2Bs%25C3%25ADtios%2Bda%2BWeb%2Butilizam%2Bpara%2Brastrear%2Bas%2Bsuas%2Bprefer%25C3%25AAncias%26redirectslug%3DActivar%2Be%2BDesactivar%2Bcookies%26redirectlocale%3Dpt-PT\">https:\/\/support.mozilla.org\/pt-PT\/users\/auth?next=%2Fpt-PT%2Fkb%2Fnew%3Ftitle%3DAtivar%2Be%2Bdesativar%2Bcookies%2Bque%2Bos%2Bs%25C3%25ADtios%2Bda%2BWeb%2Butilizam%2Bpara%2Brastrear%2Bas%2Bsuas%2Bprefer%25C3%25AAncias%26redirectslug%3DActivar%2Be%2BDesactivar%2Bcookies%26redirectlocale%3Dpt-PT<\/a><\/p><p class=\" translation-block\">If you would like to learn more about cookies, please visit <a href=\"https:\/\/www.allaboutcookies.org\/\" target=\"_self\">https:\/\/www.allaboutcookies.org\/<\/a>, where you will learn about how to manage settings for various web browsers. If you choose to disable cookies, remember that this may affect your browsing experience on the site, in part or in full.<\/p><p class=\" translation-block\">For more information, contact us at <a href=\"mailto:geral@hotelrotamalhoa.com\" target=\"_self\">geral@hotelrotamalhoa.com<\/a><\/p><p>\u00a0<\/p><p class=\" translation-block\"><em>This Cookies Policy page was prepared by a Lawyer, and its content is protected by copyright, so that any reproduction, even partial, is prohibited under penalty of committing the crime of counterfeiting, provided for and punished by articles 196.\u00ba and 197.\u00ba of the Code of Copyright and Related Rights, punishable by imprisonment for up to three years and a fine of one hundred and fifty to two hundred and fifty days, <\/em><em> according to the seriousness of the infraction, aggravated both times in case of recurrence.<\/em><\/p>\t\t\t\t\t\t<\/div>\n\t\t\t\t<\/div>\n\t\t\t\t\t<\/div>\n\t\t<\/div>\n\t\t\t\t\t\t\t<\/div>\n\t\t<\/section>\n\t\t\t\t\t\t\t<\/div>","protected":false},"excerpt":{"rendered":"<p>Politica de Cookies A presente informa\u00e7\u00e3o e o presente website s\u00e3o propriedade da sociedade comercial Hotel Rota Malhoa, Unipessoal Lda., pessoa coletiva n.\u00ba 516617508, com sede em Rua Major Neutel de Abreu, N\u00ba 155, R\/C, Vale Albardas 3260-427 Figueir\u00f3 dos [&hellip;]<\/p>","protected":false},"author":2,"featured_media":0,"parent":0,"menu_order":0,"comment_status":"closed","ping_status":"closed","template":"elementor_header_footer","meta":{"footnotes":""},"class_list":["post-1973","page","type-page","status-publish","hentry"],"_links":{"self":[{"href":"https:\/\/hotelrotamalhoa.com\/en\/wp-json\/wp\/v2\/pages\/1973","targetHints":{"allow":["GET"]}}],"collection":[{"href":"https:\/\/hotelrotamalhoa.com\/en\/wp-json\/wp\/v2\/pages"}],"about":[{"href":"https:\/\/hotelrotamalhoa.com\/en\/wp-json\/wp\/v2\/types\/page"}],"author":[{"embeddable":true,"href":"https:\/\/hotelrotamalhoa.com\/en\/wp-json\/wp\/v2\/users\/2"}],"replies":[{"embeddable":true,"href":"https:\/\/hotelrotamalhoa.com\/en\/wp-json\/wp\/v2\/comments?post=1973"}],"version-history":[{"count":7,"href":"https:\/\/hotelrotamalhoa.com\/en\/wp-json\/wp\/v2\/pages\/1973\/revisions"}],"predecessor-version":[{"id":1980,"href":"https:\/\/hotelrotamalhoa.com\/en\/wp-json\/wp\/v2\/pages\/1973\/revisions\/1980"}],"wp:attachment":[{"href":"https:\/\/hotelrotamalhoa.com\/en\/wp-json\/wp\/v2\/media?parent=1973"}],"curies":[{"name":"wp","href":"https:\/\/api.w.org\/{rel}","templated":true}]}}